{"id":14235,"date":"2024-06-11T18:05:25","date_gmt":"2024-06-11T22:05:25","guid":{"rendered":"https:\/\/info-clic.info\/fr\/products\/capri-leggings-2\/"},"modified":"2024-06-11T18:05:43","modified_gmt":"2024-06-11T22:05:43","slug":"capri-leggings-2","status":"publish","type":"product","link":"https:\/\/info-clic.info\/fr\/products\/capri-leggings-2\/","title":{"rendered":"Capri Leggings"},"content":{"rendered":"<p>Super soft and comfortable capri leggings. <\/p>\n<p>\u2022 82% polyester, 18% spandex<br \/>\n\u2022 6.78 oz\/yd\u00b2 (230 g\/m\u00b2) (weight may vary by 5%)<br \/>\n\u2022 38\u201340 UPF<br \/>\n\u2022 Material has a four-way stretch, which means fabric stretches and recovers on the cross and lengthwise grains<br \/>\n\u2022 Made with a smooth, comfortable microfiber yarn<br \/>\n\u2022 Precision-cut and hand-sewn after printing<\/p>\n<p>Ce produit est fabriqu\u00e9 sp\u00e9cialement pour vous d\u00e8s que vous passez commande, c'est pourquoi il nous faut un peu plus de temps pour vous le livrer. Fabriquer des produits \u00e0 la demande plut\u00f4t qu'en vrac contribue \u00e0 r\u00e9duire la surproduction, alors merci de prendre des d\u00e9cisions d'achat r\u00e9fl\u00e9chies\u00a0!<\/p>","protected":false},"excerpt":{"rendered":"<p>Super soft and comfortable capri leggings. \u2022 82% polyester, 18% spandex \u2022 6.78 oz\/yd\u00b2 (230 g\/m\u00b2) (weight may vary by 5%) \u2022 38\u201340 UPF \u2022 Material has a four-way stretch, which means fabric stretches and recovers on the cross and lengthwise grains \u2022 Made with a smooth, comfortable microfiber yarn \u2022 Precision-cut and hand-sewn after [&hellip;]<\/p>\n","protected":false},"featured_media":14243,"template":"","meta":[],"product_brand":[],"product_cat":[15],"product_tag":[],"class_list":{"0":"post-14235","1":"product","2":"type-product","3":"status-publish","4":"has-post-thumbnail","6":"product_cat-amis-du-qc","8":"first","9":"instock","10":"taxable","11":"shipping-taxable","12":"purchasable","13":"product-type-variable"},"aioseo_notices":[],"acf":[],"_links":{"self":[{"href":"https:\/\/info-clic.info\/fr\/wp-json\/wp\/v2\/product\/14235","targetHints":{"allow":["GET"]}}],"collection":[{"href":"https:\/\/info-clic.info\/fr\/wp-json\/wp\/v2\/product"}],"about":[{"href":"https:\/\/info-clic.info\/fr\/wp-json\/wp\/v2\/types\/product"}],"wp:featuredmedia":[{"embeddable":true,"href":"https:\/\/info-clic.info\/fr\/wp-json\/wp\/v2\/media\/14243"}],"wp:attachment":[{"href":"https:\/\/info-clic.info\/fr\/wp-json\/wp\/v2\/media?parent=14235"}],"wp:term":[{"taxonomy":"product_brand","embeddable":true,"href":"https:\/\/info-clic.info\/fr\/wp-json\/wp\/v2\/product_brand?post=14235"},{"taxonomy":"product_cat","embeddable":true,"href":"https:\/\/info-clic.info\/fr\/wp-json\/wp\/v2\/product_cat?post=14235"},{"taxonomy":"product_tag","embeddable":true,"href":"https:\/\/info-clic.info\/fr\/wp-json\/wp\/v2\/product_tag?post=14235"}],"curies":[{"name":"wp","href":"https:\/\/api.w.org\/{rel}","templated":true}]}}