{"id":13504,"date":"2023-09-19T22:22:01","date_gmt":"2023-09-20T02:22:01","guid":{"rendered":"https:\/\/info-clic.info\/fr\/products\/mug-white-glossy-oswseo\/"},"modified":"2024-12-30T19:57:49","modified_gmt":"2024-12-31T00:57:49","slug":"mug-white-glossy-oswseo","status":"publish","type":"product","link":"https:\/\/info-clic.info\/fr\/products\/mug-white-glossy-oswseo\/","title":{"rendered":"Tasse | Blanche | OSWSEO"},"content":{"rendered":"<p>Que vous buviez votre caf\u00e9 du matin, votre th\u00e9 du soir ou quelque chose entre les deux, cette tasse est faite pour vous ! Il est robuste et brillant avec un imprim\u00e9 vif qui r\u00e9sistera au micro-ondes et au lave-vaisselle.<\/p>\n<p>\u2022 C\u00e9ramique<br \/>\n\u2022 Dimensions de la tasse de 11 oz\u00a0: 3,8\u00a0\u2033 (9,6 cm) de hauteur, 3,2\u00a0\u2033 (8,2 cm) de diam\u00e8tre<br \/>\n\u2022 Va au lave-vaisselle et au micro-ondes<\/p>\n<p>Ce produit est fabriqu\u00e9 sp\u00e9cialement pour vous d\u00e8s que vous passez commande, c'est pourquoi il nous faut un peu plus de temps pour vous le livrer. Fabriquer des produits \u00e0 la demande plut\u00f4t qu'en vrac contribue \u00e0 r\u00e9duire la surproduction, alors merci de prendre des d\u00e9cisions d'achat r\u00e9fl\u00e9chies\u00a0!<\/p>","protected":false},"excerpt":{"rendered":"<p>Whether you&#8217;re drinking your morning coffee, evening tea, or something in between\u2014this mug&#8217;s for you! It&#8217;s sturdy and glossy with a vivid print that&#8217;ll withstand the microwave and dishwasher. \u2022 Ceramic \u2022 11 oz mug dimensions: 3.8\u2033 (9.6 cm) in height, 3.2\u2033 (8.2 cm) in diameter \u2022 Dishwasher and microwave safe This product is made [&hellip;]<\/p>\n","protected":false},"featured_media":13505,"template":"","meta":[],"product_brand":[],"product_cat":[1102],"product_tag":[],"class_list":{"0":"post-13504","1":"product","2":"type-product","3":"status-publish","4":"has-post-thumbnail","6":"product_cat-optimisation-site-web","8":"first","9":"instock","10":"taxable","11":"shipping-taxable","12":"purchasable","13":"product-type-simple"},"aioseo_notices":[],"acf":[],"_links":{"self":[{"href":"https:\/\/info-clic.info\/fr\/wp-json\/wp\/v2\/product\/13504","targetHints":{"allow":["GET"]}}],"collection":[{"href":"https:\/\/info-clic.info\/fr\/wp-json\/wp\/v2\/product"}],"about":[{"href":"https:\/\/info-clic.info\/fr\/wp-json\/wp\/v2\/types\/product"}],"wp:featuredmedia":[{"embeddable":true,"href":"https:\/\/info-clic.info\/fr\/wp-json\/wp\/v2\/media\/13505"}],"wp:attachment":[{"href":"https:\/\/info-clic.info\/fr\/wp-json\/wp\/v2\/media?parent=13504"}],"wp:term":[{"taxonomy":"product_brand","embeddable":true,"href":"https:\/\/info-clic.info\/fr\/wp-json\/wp\/v2\/product_brand?post=13504"},{"taxonomy":"product_cat","embeddable":true,"href":"https:\/\/info-clic.info\/fr\/wp-json\/wp\/v2\/product_cat?post=13504"},{"taxonomy":"product_tag","embeddable":true,"href":"https:\/\/info-clic.info\/fr\/wp-json\/wp\/v2\/product_tag?post=13504"}],"curies":[{"name":"wp","href":"https:\/\/api.w.org\/{rel}","templated":true}]}}