{"id":13429,"date":"2023-09-19T22:09:39","date_gmt":"2023-09-20T02:09:39","guid":{"rendered":"https:\/\/info-clic.info\/fr\/products\/mens-classic-t-shirt-oswseo\/"},"modified":"2024-12-30T19:57:50","modified_gmt":"2024-12-31T00:57:50","slug":"mens-t-shirt-double-sided","status":"publish","type":"product","link":"https:\/\/info-clic.info\/fr\/products\/mens-t-shirt-double-sided\/","title":{"rendered":"T-shirt | Homme | Avant-Arri\u00e8re"},"content":{"rendered":"<p>Le t-shirt classique pour hommes 100 % coton vous aidera \u00e0 obtenir un look plus structur\u00e9. Il s'ajuste bien, maintient des lignes nettes sur les bords et se marie parfaitement avec les tenues streetwear superpos\u00e9es. En plus, c\u2019est tr\u00e8s tendance maintenant !<\/p>\n<p>\u2022 100% cotton<br \/>\n\u2022 Gris Sport est compos\u00e9 \u00e0 90\u00a0% de coton et \u00e0 10\u00a0% de polyester.<br \/>\n\u2022 Ash Grey is 99% cotton, 1% polyester<br \/>\n\u2022 Les couleurs chin\u00e9es sont 50\u00a0% coton, 50\u00a0% polyester<br \/>\n\u2022 Poids du tissu\u00a0: 5,0 \u00e0 5,3 oz\/yd\u00b2 (170 \u00e0 180 g\/m\u00b2)<br \/>\n\u2022 Fil ouvert<br \/>\n\u2022 Tissu tubulaire<br \/>\n\u2022 Cou et \u00e9paules coll\u00e9s<br \/>\n\u2022 Double couture aux manches et \u00e0 l'ourlet du bas<\/p>\n<p>Ce produit est fabriqu\u00e9 sp\u00e9cialement pour vous d\u00e8s que vous passez commande, c'est pourquoi il nous faut un peu plus de temps pour vous le livrer. Fabriquer des produits \u00e0 la demande plut\u00f4t qu'en vrac contribue \u00e0 r\u00e9duire la surproduction, alors merci de prendre des d\u00e9cisions d'achat r\u00e9fl\u00e9chies\u00a0!<\/p>","protected":false},"excerpt":{"rendered":"<p>The 100% cotton men&#8217;s classic tee will help you land a more structured look. It sits nicely, maintains sharp lines around the edges, and goes perfectly with layered streetwear outfits. Plus, it&#8217;s extra trendy now! \u2022 100% cotton \u2022 Sport Grey is 90% cotton, 10% polyester \u2022 Ash Grey is 99% cotton, 1% polyester \u2022 [&hellip;]<\/p>\n","protected":false},"featured_media":13452,"template":"","meta":[],"product_brand":[],"product_cat":[1102],"product_tag":[],"class_list":{"0":"post-13429","1":"product","2":"type-product","3":"status-publish","4":"has-post-thumbnail","6":"product_cat-optimisation-site-web","8":"first","9":"instock","10":"taxable","11":"shipping-taxable","12":"purchasable","13":"product-type-variable"},"aioseo_notices":[],"acf":[],"_links":{"self":[{"href":"https:\/\/info-clic.info\/fr\/wp-json\/wp\/v2\/product\/13429","targetHints":{"allow":["GET"]}}],"collection":[{"href":"https:\/\/info-clic.info\/fr\/wp-json\/wp\/v2\/product"}],"about":[{"href":"https:\/\/info-clic.info\/fr\/wp-json\/wp\/v2\/types\/product"}],"wp:featuredmedia":[{"embeddable":true,"href":"https:\/\/info-clic.info\/fr\/wp-json\/wp\/v2\/media\/13452"}],"wp:attachment":[{"href":"https:\/\/info-clic.info\/fr\/wp-json\/wp\/v2\/media?parent=13429"}],"wp:term":[{"taxonomy":"product_brand","embeddable":true,"href":"https:\/\/info-clic.info\/fr\/wp-json\/wp\/v2\/product_brand?post=13429"},{"taxonomy":"product_cat","embeddable":true,"href":"https:\/\/info-clic.info\/fr\/wp-json\/wp\/v2\/product_cat?post=13429"},{"taxonomy":"product_tag","embeddable":true,"href":"https:\/\/info-clic.info\/fr\/wp-json\/wp\/v2\/product_tag?post=13429"}],"curies":[{"name":"wp","href":"https:\/\/api.w.org\/{rel}","templated":true}]}}