{"id":13111,"date":"2023-09-09T05:15:17","date_gmt":"2023-09-09T09:15:17","guid":{"rendered":"https:\/\/info-clic.info\/fr\/products\/cuffed-beanie-2\/"},"modified":"2023-09-19T19:58:43","modified_gmt":"2023-09-19T23:58:43","slug":"recettes-quebec-cuffed-beanie","status":"publish","type":"product","link":"https:\/\/info-clic.info\/fr\/products\/recettes-quebec-cuffed-beanie\/","title":{"rendered":"Recettes Quebec Cuffed Beanie"},"content":{"rendered":"<p>Un bonnet douillet et ajust\u00e9. Ce n\u2019est pas seulement une superbe pi\u00e8ce qui r\u00e9chauffe la t\u00eate, mais aussi un accessoire incontournable dans toute garde-robe.<\/p>\n<p>\u2022 100\u00a0% Acrylique Turbo<br \/>\n\u2022 12\u2033 (30 cm) de longueur<br \/>\n\u2022 Hypoallerg\u00e9nique<br \/>\n\u2022 Style unisexe<br \/>\n\u2022 Lavable \u00e0 la main<\/p>","protected":false},"excerpt":{"rendered":"<p>A snug, form-fitting beanie. It&#8217;s not only a great head-warming piece but a staple accessory in anyone&#8217;s wardrobe. \u2022 100% Turbo Acrylic \u2022 12\u2033 (30 cm) in length \u2022 Hypoallergenic \u2022 Unisex style \u2022 Hand washable<\/p>","protected":false},"featured_media":13115,"template":"","meta":[],"product_brand":[],"product_cat":[1054],"product_tag":[],"class_list":{"0":"post-13111","1":"product","2":"type-product","3":"status-publish","4":"has-post-thumbnail","6":"product_cat-recettes-quebec","8":"first","9":"instock","10":"taxable","11":"shipping-taxable","12":"purchasable","13":"product-type-variable"},"aioseo_notices":[],"acf":[],"_links":{"self":[{"href":"https:\/\/info-clic.info\/fr\/wp-json\/wp\/v2\/product\/13111","targetHints":{"allow":["GET"]}}],"collection":[{"href":"https:\/\/info-clic.info\/fr\/wp-json\/wp\/v2\/product"}],"about":[{"href":"https:\/\/info-clic.info\/fr\/wp-json\/wp\/v2\/types\/product"}],"wp:featuredmedia":[{"embeddable":true,"href":"https:\/\/info-clic.info\/fr\/wp-json\/wp\/v2\/media\/13115"}],"wp:attachment":[{"href":"https:\/\/info-clic.info\/fr\/wp-json\/wp\/v2\/media?parent=13111"}],"wp:term":[{"taxonomy":"product_brand","embeddable":true,"href":"https:\/\/info-clic.info\/fr\/wp-json\/wp\/v2\/product_brand?post=13111"},{"taxonomy":"product_cat","embeddable":true,"href":"https:\/\/info-clic.info\/fr\/wp-json\/wp\/v2\/product_cat?post=13111"},{"taxonomy":"product_tag","embeddable":true,"href":"https:\/\/info-clic.info\/fr\/wp-json\/wp\/v2\/product_tag?post=13111"}],"curies":[{"name":"wp","href":"https:\/\/api.w.org\/{rel}","templated":true}]}}