{"id":7383,"date":"2022-08-29T16:26:22","date_gmt":"2022-08-29T20:26:22","guid":{"rendered":"https:\/\/info-clic.info\/?page_id=7383"},"modified":"2023-08-09T17:52:51","modified_gmt":"2023-08-09T21:52:51","slug":"terms-and-conditions","status":"publish","type":"page","link":"https:\/\/info-clic.info\/fr\/terms-and-conditions\/","title":{"rendered":"Termes et Conditions"},"content":{"rendered":"<div data-elementor-type=\"wp-page\" data-elementor-id=\"7383\" class=\"elementor elementor-7383\">\n\t\t\t\t\t\t<section class=\"elementor-section elementor-top-section elementor-element elementor-element-d0b3373 elementor-section-boxed elementor-section-height-default elementor-section-height-default\" data-id=\"d0b3373\" data-element_type=\"section\" data-e-type=\"section\">\n\t\t\t\t\t\t<div class=\"elementor-container elementor-column-gap-default\">\n\t\t\t\t\t<div class=\"elementor-column elementor-col-100 elementor-top-column elementor-element elementor-element-7cca15b\" data-id=\"7cca15b\" data-element_type=\"column\" data-e-type=\"column\">\n\t\t\t<div class=\"elementor-widget-wrap elementor-element-populated\">\n\t\t\t\t\t\t<div class=\"elementor-element elementor-element-1db284a elementor-widget elementor-widget-heading\" data-id=\"1db284a\" data-element_type=\"widget\" data-e-type=\"widget\" data-widget_type=\"heading.default\">\n\t\t\t\t<div class=\"elementor-widget-container\">\n\t\t\t\t\t<h2 class=\"elementor-heading-title elementor-size-default\">Termes et Conditions<\/h2>\t\t\t\t<\/div>\n\t\t\t\t<\/div>\n\t\t\t\t\t<\/div>\n\t\t<\/div>\n\t\t\t\t\t<\/div>\n\t\t<\/section>\n\t\t\t\t<section class=\"elementor-section elementor-top-section elementor-element elementor-element-a8fce25 elementor-section-boxed elementor-section-height-default elementor-section-height-default\" data-id=\"a8fce25\" data-element_type=\"section\" data-e-type=\"section\">\n\t\t\t\t\t\t<div class=\"elementor-container elementor-column-gap-default\">\n\t\t\t\t\t<div class=\"elementor-column elementor-col-100 elementor-top-column elementor-element elementor-element-b2a6c20\" data-id=\"b2a6c20\" data-element_type=\"column\" data-e-type=\"column\">\n\t\t\t<div class=\"elementor-widget-wrap elementor-element-populated\">\n\t\t\t\t\t\t<div class=\"elementor-element elementor-element-76fe285 elementor-widget elementor-widget-text-editor\" data-id=\"76fe285\" data-element_type=\"widget\" data-e-type=\"widget\" data-widget_type=\"text-editor.default\">\n\t\t\t\t<div class=\"elementor-widget-container\">\n\t\t\t\t\t\t\t\t\t<p><strong>1. Termes<\/strong><br \/><strong>a.<\/strong> En acc\u00e9dant \u00e0 Info-Clic, vous acceptez d\u2019\u00eatre li\u00e9 par les pr\u00e9sentes conditions d\u2019utilisation du site Web, toutes les lois et tous les r\u00e8glements applicables, et acceptez d\u2019\u00eatre responsable du respect des lois locales applicables.<\/p><p>Si vous n\u2019\u00eates pas d\u2019accord avec l\u2019une de ces conditions, il vous est interdit d\u2019utiliser ou d\u2019acc\u00e9der \u00e0 ce site.<\/p><p>Le contenu (textes, images, fichiers, logo, favicon, code QR, informations de toute nature et tous autres \u00e9l\u00e9ments de ce site) est prot\u00e9g\u00e9 par les lois applicables sur le droit d\u2019auteur et les marques.<\/p><p><strong>b.<\/strong>\u00a0Avertissement<br \/><strong>i.<\/strong> Info-Clic et ses affili\u00e9s et soci\u00e9t\u00e9s m\u00e8res ne sont pas responsables de la qualit\u00e9 du travail, des paiements ou de toute autre affaire entre le Client et les Membres (Entrepreneurs, Entrepreneurs, Homme \u00e0 tout faire et tous autres travailleurs de l\u2019industrie)<\/p><p><strong>ii.<\/strong> Info-Clic et ses soci\u00e9t\u00e9s affili\u00e9es et soci\u00e9t\u00e9s m\u00e8res ne seront jamais impliqu\u00e9es dans aucun diff\u00e9rend entre les parties et demeure un fournisseur de services objectif qui aide les parties \u00e0 se trouver pour les services requis.<\/p><p><strong>iii.<\/strong>\u00a0Tous les probl\u00e8mes ou litiges doivent \u00eatre r\u00e9gl\u00e9s entre les Clients et les Membres (Entrepreneurs, Entrepreneurs, Handyman et tous autres travailleurs sp\u00e9cialis\u00e9s) ;<\/p><p><strong>iv.<\/strong> Info-Clic et ses filiales et soci\u00e9t\u00e9s m\u00e8res ne pourront \u00eatre tenues responsables de l\u2019exactitude des informations pr\u00e9sent\u00e9es sur les profils des membres (entrepreneurs, entrepreneurs, bricoleur et tous autres travailleurs de l\u2019industrie).<\/p>\t\t\t\t\t\t\t\t<\/div>\n\t\t\t\t<\/div>\n\t\t\t\t\t<\/div>\n\t\t<\/div>\n\t\t\t\t\t<\/div>\n\t\t<\/section>\n\t\t\t\t<section class=\"elementor-section elementor-top-section elementor-element elementor-element-8457011 elementor-section-boxed elementor-section-height-default elementor-section-height-default\" data-id=\"8457011\" data-element_type=\"section\" data-e-type=\"section\">\n\t\t\t\t\t\t<div class=\"elementor-container elementor-column-gap-default\">\n\t\t\t\t\t<div class=\"elementor-column elementor-col-100 elementor-top-column elementor-element elementor-element-eba5323\" data-id=\"eba5323\" data-element_type=\"column\" data-e-type=\"column\">\n\t\t\t<div class=\"elementor-widget-wrap elementor-element-populated\">\n\t\t\t\t\t\t<div class=\"elementor-element elementor-element-864f454 elementor-widget elementor-widget-text-editor\" data-id=\"864f454\" data-element_type=\"widget\" data-e-type=\"widget\" data-widget_type=\"text-editor.default\">\n\t\t\t\t<div class=\"elementor-widget-container\">\n\t\t\t\t\t\t\t\t\t<p><strong>2. Utilisation de la licence<\/strong><br \/><strong>a.<\/strong> La permission est accord\u00e9e de t\u00e9l\u00e9charger temporairement une copie du mat\u00e9riel sur le site Web de Info-Clic pour une visualisation personnelle et non commerciale uniquement.<\/p><p><strong>Vous ne pouvez pas:<\/strong><br \/><strong>i.<\/strong>\u00a0Modifier ou copier le contenu ;<\/p><p><strong>ii.<\/strong>\u00a0Utiliser le contenu \u00e0 des fins commerciales ou pour tout affichage public (commercial ou non commercial) ;<\/p><p><strong>iii.<\/strong> Tenter de d\u00e9compiler ou de d\u00e9sosser tout logiciel contenu sur le site Web de Info-Clic;<\/p><p><strong>iv.<\/strong>\u00a0Supprimer tout droit d\u2019auteur ou toute autre mention de propri\u00e9t\u00e9 des documents ; ou<\/p><p><strong>v.<\/strong>\u00a0Transf\u00e9rer les documents \u00e0 une autre personne ou \u00ab dupliquer \u00bb les documents sur un autre serveur.<\/p><p>Cette licence sera automatiquement r\u00e9sili\u00e9e si vous violez l\u2019une de ces restrictions et Info-Clic peut la r\u00e9silier \u00e0 tout moment \u00e0 sa discr\u00e9tion.<\/p><p>\u00c0 la fin de votre visionnage de ces documents ou \u00e0 la r\u00e9siliation de cette licence, vous devez d\u00e9truire tout mat\u00e9riel t\u00e9l\u00e9charg\u00e9 en votre possession, qu\u2019il soit sous forme \u00e9lectronique ou imprim\u00e9e.<\/p>\t\t\t\t\t\t\t\t<\/div>\n\t\t\t\t<\/div>\n\t\t\t\t\t<\/div>\n\t\t<\/div>\n\t\t\t\t\t<\/div>\n\t\t<\/section>\n\t\t\t\t<section class=\"elementor-section elementor-top-section elementor-element elementor-element-cdac9b5 elementor-section-boxed elementor-section-height-default elementor-section-height-default\" data-id=\"cdac9b5\" data-element_type=\"section\" data-e-type=\"section\">\n\t\t\t\t\t\t<div class=\"elementor-container elementor-column-gap-default\">\n\t\t\t\t\t<div class=\"elementor-column elementor-col-100 elementor-top-column elementor-element elementor-element-32c5ccd\" data-id=\"32c5ccd\" data-element_type=\"column\" data-e-type=\"column\">\n\t\t\t<div class=\"elementor-widget-wrap elementor-element-populated\">\n\t\t\t\t\t\t<div class=\"elementor-element elementor-element-1ac1724 elementor-widget elementor-widget-text-editor\" data-id=\"1ac1724\" data-element_type=\"widget\" data-e-type=\"widget\" data-widget_type=\"text-editor.default\">\n\t\t\t\t<div class=\"elementor-widget-container\">\n\t\t\t\t\t\t\t\t\t<p><strong>3. Avertissement<\/strong><br \/>Le mat\u00e9riel sur le site Web d'Info-Clic est fourni \u00ab tel quel \u00bb. Info-Clic ne donne aucune garantie expresse ou implicite, d\u00e9cline et nie par la pr\u00e9sente toutes les garanties, y compris, sans s'y limiter, les garanties ou conditions implicites de qualit\u00e9 marchande, d'ad\u00e9quation \u00e0 un usage particulier ou de non-violation de la propri\u00e9t\u00e9 intellectuelle. ou un<\/p><p>De plus, Info-Clic ne garantit ni ne fait aucune d\u00e9claration concernant l\u2019exactitude, les r\u00e9sultats probables ou la fiabilit\u00e9 de l\u2019utilisation de tout mat\u00e9riel sur son site Web\/App ou autrement, li\u00e9 \u00e0 ce mat\u00e9riel ou sur des sites li\u00e9s \u00e0 ce site\/App.<\/p>\t\t\t\t\t\t\t\t<\/div>\n\t\t\t\t<\/div>\n\t\t\t\t\t<\/div>\n\t\t<\/div>\n\t\t\t\t\t<\/div>\n\t\t<\/section>\n\t\t\t\t<section class=\"elementor-section elementor-top-section elementor-element elementor-element-66e65d0 elementor-section-boxed elementor-section-height-default elementor-section-height-default\" data-id=\"66e65d0\" data-element_type=\"section\" data-e-type=\"section\">\n\t\t\t\t\t\t<div class=\"elementor-container elementor-column-gap-default\">\n\t\t\t\t\t<div class=\"elementor-column elementor-col-100 elementor-top-column elementor-element elementor-element-2548cb2\" data-id=\"2548cb2\" data-element_type=\"column\" data-e-type=\"column\">\n\t\t\t<div class=\"elementor-widget-wrap elementor-element-populated\">\n\t\t\t\t\t\t<div class=\"elementor-element elementor-element-88fe9e4 elementor-widget elementor-widget-text-editor\" data-id=\"88fe9e4\" data-element_type=\"widget\" data-e-type=\"widget\" data-widget_type=\"text-editor.default\">\n\t\t\t\t<div class=\"elementor-widget-container\">\n\t\t\t\t\t\t\t\t\t<p><strong>4. Limitations<\/strong><br \/>En aucun cas, Info-Clic ou ses fournisseurs ne pourront \u00eatre tenus responsables de tout dommage (y compris, sans s\u2019y limiter, les dommages pour perte de donn\u00e9es ou de profit, ou en raison d\u2019une interruption d\u2019activit\u00e9) r\u00e9sultant de l\u2019utilisation ou de l\u2019impossibilit\u00e9 d\u2019utiliser le contenu sur le Info-Clic. site Web, m\u00eame si Info-Clic ou l\u2019un de ses repr\u00e9sentants autoris\u00e9s a \u00e9t\u00e9 avis\u00e9 verbalement ou par \u00e9crit de la possibilit\u00e9 de tels dommages.<\/p><p>\u00c9tant donn\u00e9 que certaines juridictions n\u2019autorisent pas les limitations sur les garanties implicites ou les limitations de responsabilit\u00e9 pour les dommages cons\u00e9cutifs ou accessoires, ces limitations peuvent ne pas s\u2019appliquer \u00e0 vous.<\/p>\t\t\t\t\t\t\t\t<\/div>\n\t\t\t\t<\/div>\n\t\t\t\t\t<\/div>\n\t\t<\/div>\n\t\t\t\t\t<\/div>\n\t\t<\/section>\n\t\t\t\t<section class=\"elementor-section elementor-top-section elementor-element elementor-element-fdcb6ec elementor-section-boxed elementor-section-height-default elementor-section-height-default\" data-id=\"fdcb6ec\" data-element_type=\"section\" data-e-type=\"section\">\n\t\t\t\t\t\t<div class=\"elementor-container elementor-column-gap-default\">\n\t\t\t\t\t<div class=\"elementor-column elementor-col-100 elementor-top-column elementor-element elementor-element-acf135b\" data-id=\"acf135b\" data-element_type=\"column\" data-e-type=\"column\">\n\t\t\t<div class=\"elementor-widget-wrap elementor-element-populated\">\n\t\t\t\t\t\t<div class=\"elementor-element elementor-element-f0a2183 elementor-widget elementor-widget-text-editor\" data-id=\"f0a2183\" data-element_type=\"widget\" data-e-type=\"widget\" data-widget_type=\"text-editor.default\">\n\t\t\t\t<div class=\"elementor-widget-container\">\n\t\t\t\t\t\t\t\t\t<p><strong>5. R\u00e9visions et errata<\/strong><br \/>Les documents apparaissant sur le site Info-Clic peuvent comporter des erreurs techniques, typographiques ou photographiques. Info-Clic ne garantit pas que les documents sont exacts, complets ou \u00e0 jour. Info-Clic peut apporter des modifications au contenu de son site en tout temps et sans pr\u00e9avis. Info-Clic ne s'engage pas \u00e0 mettre \u00e0 jour les documents.<\/p>\t\t\t\t\t\t\t\t<\/div>\n\t\t\t\t<\/div>\n\t\t\t\t\t<\/div>\n\t\t<\/div>\n\t\t\t\t\t<\/div>\n\t\t<\/section>\n\t\t\t\t<section class=\"elementor-section elementor-top-section elementor-element elementor-element-f058fe7 elementor-section-boxed elementor-section-height-default elementor-section-height-default\" data-id=\"f058fe7\" data-element_type=\"section\" data-e-type=\"section\">\n\t\t\t\t\t\t<div class=\"elementor-container elementor-column-gap-default\">\n\t\t\t\t\t<div class=\"elementor-column elementor-col-100 elementor-top-column elementor-element elementor-element-7a34b97\" data-id=\"7a34b97\" data-element_type=\"column\" data-e-type=\"column\">\n\t\t\t<div class=\"elementor-widget-wrap elementor-element-populated\">\n\t\t\t\t\t\t<div class=\"elementor-element elementor-element-03e6f3b elementor-widget elementor-widget-text-editor\" data-id=\"03e6f3b\" data-element_type=\"widget\" data-e-type=\"widget\" data-widget_type=\"text-editor.default\">\n\t\t\t\t<div class=\"elementor-widget-container\">\n\t\t\t\t\t\t\t\t\t<p><strong>6. Liens<\/strong><br \/>Info-Clic n'a pas examin\u00e9 tous les sites Web li\u00e9s \u00e0 son site Web et n'est pas responsable du contenu de ces sites li\u00e9s. L'inclusion de tout lien n'implique pas l'approbation par Info-Clic du site. L'utilisation de tout site Web li\u00e9 est aux risques et p\u00e9rils de l'utilisateur.<\/p>\t\t\t\t\t\t\t\t<\/div>\n\t\t\t\t<\/div>\n\t\t\t\t\t<\/div>\n\t\t<\/div>\n\t\t\t\t\t<\/div>\n\t\t<\/section>\n\t\t\t\t<section class=\"elementor-section elementor-top-section elementor-element elementor-element-951eae2 elementor-section-boxed elementor-section-height-default elementor-section-height-default\" data-id=\"951eae2\" data-element_type=\"section\" data-e-type=\"section\">\n\t\t\t\t\t\t<div class=\"elementor-container elementor-column-gap-default\">\n\t\t\t\t\t<div class=\"elementor-column elementor-col-100 elementor-top-column elementor-element elementor-element-4f28184\" data-id=\"4f28184\" data-element_type=\"column\" data-e-type=\"column\">\n\t\t\t<div class=\"elementor-widget-wrap elementor-element-populated\">\n\t\t\t\t\t\t<div class=\"elementor-element elementor-element-8ab0f01 elementor-widget elementor-widget-text-editor\" data-id=\"8ab0f01\" data-element_type=\"widget\" data-e-type=\"widget\" data-widget_type=\"text-editor.default\">\n\t\t\t\t<div class=\"elementor-widget-container\">\n\t\t\t\t\t\t\t\t\t<p><strong>7. Modifications des conditions d\u2019utilisation du site<\/strong><br \/>Info-Clic peut r\u00e9viser les conditions d\u2019utilisation de son site Web en tout temps et sans pr\u00e9avis. En utilisant ce site Web, vous acceptez d\u2019\u00eatre li\u00e9 par la version alors en vigueur de ces conditions d\u2019utilisation.<\/p>\t\t\t\t\t\t\t\t<\/div>\n\t\t\t\t<\/div>\n\t\t\t\t\t<\/div>\n\t\t<\/div>\n\t\t\t\t\t<\/div>\n\t\t<\/section>\n\t\t\t\t<section class=\"elementor-section elementor-top-section elementor-element elementor-element-f64632b elementor-section-boxed elementor-section-height-default elementor-section-height-default\" data-id=\"f64632b\" data-element_type=\"section\" data-e-type=\"section\">\n\t\t\t\t\t\t<div class=\"elementor-container elementor-column-gap-default\">\n\t\t\t\t\t<div class=\"elementor-column elementor-col-100 elementor-top-column elementor-element elementor-element-1dd7441\" data-id=\"1dd7441\" data-element_type=\"column\" data-e-type=\"column\">\n\t\t\t<div class=\"elementor-widget-wrap elementor-element-populated\">\n\t\t\t\t\t\t<div class=\"elementor-element elementor-element-a6523ff elementor-widget elementor-widget-text-editor\" data-id=\"a6523ff\" data-element_type=\"widget\" data-e-type=\"widget\" data-widget_type=\"text-editor.default\">\n\t\t\t\t<div class=\"elementor-widget-container\">\n\t\t\t\t\t\t\t\t\t<p><strong>8. Loi applicable<\/strong><br \/>Toute plainte relative au site Internet de Info-Clic sera r\u00e9gie par les lois de l\u2019\u00c9tat du Qu\u00e9bec, Canada, sans \u00e9gard \u00e0 ses dispositions relatives aux conflits de lois, conditions g\u00e9n\u00e9rales et conditions applicables \u00e0 l\u2019utilisation d\u2019un site Internet.<\/p>\t\t\t\t\t\t\t\t<\/div>\n\t\t\t\t<\/div>\n\t\t\t\t\t<\/div>\n\t\t<\/div>\n\t\t\t\t\t<\/div>\n\t\t<\/section>\n\t\t\t\t<section class=\"elementor-section elementor-top-section elementor-element elementor-element-af0aaee elementor-section-boxed elementor-section-height-default elementor-section-height-default\" data-id=\"af0aaee\" data-element_type=\"section\" data-e-type=\"section\">\n\t\t\t\t\t\t<div class=\"elementor-container elementor-column-gap-default\">\n\t\t\t\t\t<div class=\"elementor-column elementor-col-100 elementor-top-column elementor-element elementor-element-bd1f236\" data-id=\"bd1f236\" data-element_type=\"column\" data-e-type=\"column\">\n\t\t\t<div class=\"elementor-widget-wrap elementor-element-populated\">\n\t\t\t\t\t\t<div class=\"elementor-element elementor-element-1cd8394 elementor-widget elementor-widget-text-editor\" data-id=\"1cd8394\" data-element_type=\"widget\" data-e-type=\"widget\" data-widget_type=\"text-editor.default\">\n\t\t\t\t<div class=\"elementor-widget-container\">\n\t\t\t\t\t\t\t\t\t<p><strong>9. Paiements s\u00e9curis\u00e9s<\/strong><br \/>Info-Clic App., Les sites Web et les plateformes sont tous s\u00e9curis\u00e9s et utilisent la certification SSL. Les paiements de nos clients pour les abonnements sont trait\u00e9s par des tiers PayPal et Stripe qui souscrivent tous deux aux protocoles de s\u00e9curit\u00e9 les plus stricts et les plus r\u00e9cents.<\/p><p>Info-Clic App, les sites Web et les plateformes ne divulgueront jamais publiquement les donn\u00e9es personnelles ou sensibles des utilisateurs li\u00e9es aux activit\u00e9s financi\u00e8res ou de paiement ou aux num\u00e9ros d\u2019identification gouvernementaux.<\/p><p>Nous nous engageons \u00e0 mener nos activit\u00e9s conform\u00e9ment aux pr\u00e9sentes conditions g\u00e9n\u00e9rales afin de garantir la protection et le maintien de la confidentialit\u00e9 des informations personnelles.<\/p><h3>\u00a0<\/h3><h4><em><strong>L\u2019\u00e9quipe de Direction<\/strong><\/em><br \/><strong>Info-Clic<\/strong><\/h4>\t\t\t\t\t\t\t\t<\/div>\n\t\t\t\t<\/div>\n\t\t\t\t\t<\/div>\n\t\t<\/div>\n\t\t\t\t\t<\/div>\n\t\t<\/section>\n\t\t\t\t<section class=\"elementor-section elementor-top-section elementor-element elementor-element-5951d8e elementor-section-boxed elementor-section-height-default elementor-section-height-default\" data-id=\"5951d8e\" data-element_type=\"section\" data-e-type=\"section\">\n\t\t\t\t\t\t<div class=\"elementor-container elementor-column-gap-default\">\n\t\t\t\t\t<div class=\"elementor-column elementor-col-100 elementor-top-column elementor-element elementor-element-ef20c15\" data-id=\"ef20c15\" data-element_type=\"column\" data-e-type=\"column\">\n\t\t\t<div class=\"elementor-widget-wrap elementor-element-populated\">\n\t\t\t\t\t\t<div class=\"elementor-element elementor-element-392c9b5 elementor-widget elementor-widget-text-editor\" data-id=\"392c9b5\" data-element_type=\"widget\" data-e-type=\"widget\" data-widget_type=\"text-editor.default\">\n\t\t\t\t<div class=\"elementor-widget-container\">\n\t\t\t\t\t\t\t\t\t<h3>Derni\u00e8re mise \u00e0 jour<\/h3><p>12 novembre, 2022<\/p>\t\t\t\t\t\t\t\t<\/div>\n\t\t\t\t<\/div>\n\t\t\t\t\t<\/div>\n\t\t<\/div>\n\t\t\t\t\t<\/div>\n\t\t<\/section>\n\t\t\t\t<section class=\"elementor-section elementor-top-section elementor-element elementor-element-8e086f2 elementor-section-boxed elementor-section-height-default elementor-section-height-default\" data-id=\"8e086f2\" data-element_type=\"section\" data-e-type=\"section\">\n\t\t\t\t\t\t<div class=\"elementor-container elementor-column-gap-default\">\n\t\t\t\t\t<div class=\"elementor-column elementor-col-100 elementor-top-column elementor-element elementor-element-be3e5bf\" data-id=\"be3e5bf\" data-element_type=\"column\" data-e-type=\"column\">\n\t\t\t<div class=\"elementor-widget-wrap elementor-element-populated\">\n\t\t\t\t\t\t<div class=\"elementor-element elementor-element-27d03a1 elementor-widget elementor-widget-html\" data-id=\"27d03a1\" data-element_type=\"widget\" data-e-type=\"widget\" data-widget_type=\"html.default\">\n\t\t\t\t<div class=\"elementor-widget-container\">\n\t\t\t\t\t\r\n\t\t\t\t<\/div>\n\t\t\t\t<\/div>\n\t\t\t\t\t<\/div>\n\t\t<\/div>\n\t\t\t\t\t<\/div>\n\t\t<\/section>\n\t\t\t\t<\/div>","protected":false},"excerpt":{"rendered":"<p>Terms and Conditions 1. Termsa. By accessing Info-Clic, you agree to be bound by these website terms of use, all applicable laws and regulations, and agree to be responsible for compliance with applicable local laws. If you do not agree with any of these terms, you are prohibited from using or accessing this site. The [&hellip;]<\/p>\n","protected":false},"author":2,"featured_media":0,"parent":0,"menu_order":0,"comment_status":"closed","ping_status":"closed","template":"templates\/content-sidebar.php","meta":{"footnotes":""},"class_list":["post-7383","page","type-page","status-publish","hentry"],"aioseo_notices":[],"acf":[],"_links":{"self":[{"href":"https:\/\/info-clic.info\/fr\/wp-json\/wp\/v2\/pages\/7383","targetHints":{"allow":["GET"]}}],"collection":[{"href":"https:\/\/info-clic.info\/fr\/wp-json\/wp\/v2\/pages"}],"about":[{"href":"https:\/\/info-clic.info\/fr\/wp-json\/wp\/v2\/types\/page"}],"author":[{"embeddable":true,"href":"https:\/\/info-clic.info\/fr\/wp-json\/wp\/v2\/users\/2"}],"replies":[{"embeddable":true,"href":"https:\/\/info-clic.info\/fr\/wp-json\/wp\/v2\/comments?post=7383"}],"version-history":[{"count":19,"href":"https:\/\/info-clic.info\/fr\/wp-json\/wp\/v2\/pages\/7383\/revisions"}],"predecessor-version":[{"id":12997,"href":"https:\/\/info-clic.info\/fr\/wp-json\/wp\/v2\/pages\/7383\/revisions\/12997"}],"wp:attachment":[{"href":"https:\/\/info-clic.info\/fr\/wp-json\/wp\/v2\/media?parent=7383"}],"curies":[{"name":"wp","href":"https:\/\/api.w.org\/{rel}","templated":true}]}}